{"id":205,"date":"2016-04-15T12:11:57","date_gmt":"2016-04-15T11:11:57","guid":{"rendered":"http:\/\/www.raderdoll.de\/?page_id=205"},"modified":"2020-09-07T14:44:15","modified_gmt":"2020-09-07T13:44:15","slug":"downloads","status":"publish","type":"page","link":"https:\/\/www.raderdoll.de\/?page_id=205","title":{"rendered":"Downloads"},"content":{"rendered":"<p>Unser aktuelles Pressefoto k\u00f6nnen Sie unter diesem Link runterladen:<\/p>\n<p><a href=\"http:\/\/www.raderdoll.de\/wp-content\/uploads\/2020\/09\/raderdoll-graffiti-logo-unten.jpg\" target=\"_blank\" rel=\"noopener\">Raderdoll Pressefoto<\/a><\/p>\n<p>Einfach per Linksklick \u00f6ffnen oder per Rechtsklick und &#8222;Ziel speichern unter&#8220; herunterladen.<\/p>\n<p>&nbsp;<\/p>\n<p>Unsere B\u00fchnenanweisungen sind bei jedem Auftritt einzuhalten und k\u00f6nnen hier eingesehen werden:<\/p>\n<p><a href=\"http:\/\/www.raderdoll.de\/wp-content\/uploads\/2018\/05\/B\u00fchnenanweisung-Raderdoll.pdf\" target=\"_blank\" rel=\"noopener\">B\u00fchnenanweisung Raderdoll<\/a><\/p>\n","protected":false},"excerpt":{"rendered":"<p>Unser aktuelles Pressefoto k\u00f6nnen Sie unter diesem Link runterladen: Raderdoll Pressefoto Einfach per Linksklick \u00f6ffnen oder per Rechtsklick und &#8222;Ziel speichern unter&#8220; herunterladen. &nbsp; Unsere B\u00fchnenanweisungen sind bei jedem Auftritt einzuhalten und k\u00f6nnen hier eingesehen werden: B\u00fchnenanweisung Raderdoll<\/p>\n","protected":false},"author":1,"featured_media":0,"parent":0,"menu_order":6,"comment_status":"closed","ping_status":"closed","template":"","meta":{"ngg_post_thumbnail":0,"footnotes":""},"class_list":["post-205","page","type-page","status-publish","hentry"],"_links":{"self":[{"href":"https:\/\/www.raderdoll.de\/index.php?rest_route=\/wp\/v2\/pages\/205","targetHints":{"allow":["GET"]}}],"collection":[{"href":"https:\/\/www.raderdoll.de\/index.php?rest_route=\/wp\/v2\/pages"}],"about":[{"href":"https:\/\/www.raderdoll.de\/index.php?rest_route=\/wp\/v2\/types\/page"}],"author":[{"embeddable":true,"href":"https:\/\/www.raderdoll.de\/index.php?rest_route=\/wp\/v2\/users\/1"}],"replies":[{"embeddable":true,"href":"https:\/\/www.raderdoll.de\/index.php?rest_route=%2Fwp%2Fv2%2Fcomments&post=205"}],"version-history":[{"count":9,"href":"https:\/\/www.raderdoll.de\/index.php?rest_route=\/wp\/v2\/pages\/205\/revisions"}],"predecessor-version":[{"id":323,"href":"https:\/\/www.raderdoll.de\/index.php?rest_route=\/wp\/v2\/pages\/205\/revisions\/323"}],"wp:attachment":[{"href":"https:\/\/www.raderdoll.de\/index.php?rest_route=%2Fwp%2Fv2%2Fmedia&parent=205"}],"curies":[{"name":"wp","href":"https:\/\/api.w.org\/{rel}","templated":true}]}}